{"id":286,"date":"2019-07-22T09:00:58","date_gmt":"2019-07-22T07:00:58","guid":{"rendered":"https:\/\/next.homeip.net\/wordpress\/?page_id=286"},"modified":"2024-03-02T10:55:52","modified_gmt":"2024-03-02T09:55:52","slug":"impressum","status":"publish","type":"page","link":"https:\/\/www.aatev.de\/home\/impressum\/","title":{"rendered":"Impressum"},"content":{"rendered":"\n<figure class=\"wp-block-image\"><img loading=\"lazy\" decoding=\"async\" width=\"864\" height=\"377\" src=\"https:\/\/www.aatev.de\/wp-content\/uploads\/2019\/05\/LogoFarbverlauf.png\" alt=\"AAT-Logo\" class=\"wp-image-14\" srcset=\"https:\/\/www.aatev.de\/wp-content\/uploads\/2019\/05\/LogoFarbverlauf.png 864w, https:\/\/www.aatev.de\/wp-content\/uploads\/2019\/05\/LogoFarbverlauf-300x131.png 300w, https:\/\/www.aatev.de\/wp-content\/uploads\/2019\/05\/LogoFarbverlauf-768x335.png 768w\" sizes=\"auto, (max-width: 864px) 100vw, 864px\" \/><\/figure>\n\n\n\n<p>Zur Anzeige der E-Mail-Adressen bitte JavaScript einschalten\n<\/p>\n\n\n\n<p>A\u00dflinger Auto-Teiler e.V. (AAT)<br>Bahnhofstr. 1, 85617 A\u00dfling<br>Telefon: +49 (0) 8092-8687821<br><a href=\"http:\/\/www.AATeV.de\/\">http:\/\/www.AATeV.de<\/a><br>E-Mail: <a href=\"mailto:Info@AATeV.de\">info@AATeV.de<\/a> <\/p>\n\n\n\n<p>Der Verein ist registriert unter der Nummer VR 208093 beim Amtsgericht M\u00fcnchen.<br>USt-IdNr. (UID): Gem\u00e4\u00df \u00a7 19 UStG wird keine Umsatzsteuer berechnet.<br> <\/p>\n\n\n\n<figure class=\"wp-block-table\"><table><tbody><tr><td>Vorstand:<\/td><td><a href=\"mailto:Vorstand@AATeV.de\">Roland Hilzenbecher<\/a><\/td><td>Telefon: 08092-8687821<\/td><\/tr><tr><td>Vorstand:<\/td><td><a href=\"mailto:Vorstand@AATeV.de\">Lorenz Huber<\/a><\/td><td>Telefon: 08092-8687821<\/td><\/tr><tr><td>Webmaster:<\/td><td><a href=\"mailto:webmaster@carsharing-vaterstetten.de\">Rainer Dunker<\/a><\/td><td>&nbsp;<\/td><\/tr><\/tbody><\/table><\/figure>\n\n\n\n<figure class=\"wp-block-table\"><table><tbody><tr><td>Kontoverbindung:<\/td><td>&nbsp;<\/td><\/tr><tr><td>IBAN:<\/td><td>DE02 8306 5408 0004 1363 81<\/td><\/tr><tr><td>BIC:<\/td><td>GENO DE F1 SLR<\/td><\/tr><tr><td>Bank:<\/td><td>Deutsche Skatbank (VR-Bank Altenburger Land eG)<\/td><\/tr><\/tbody><\/table><\/figure>\n\n\n\n<p>Der AAT ist Mitglied im <a href=\"http:\/\/www.carsharing.de\/\" target=\"_blank\" rel=\"noreferrer noopener\">Bundesverband CarSharing e.V.<\/a><\/p>\n\n\n<div class=\"wp-block-image\">\n<figure class=\"aligncenter is-resized\"><a href=\"http:\/\/www.carsharing.de\/\"><img decoding=\"async\" src=\"https:\/\/www.carsharing-vaterstetten.de\/uploads\/VAT\/logo_bcs.gif\" alt=\"\" style=\"width:215px;height:82px\"\/><\/a><\/figure>\n<\/div>","protected":false},"excerpt":{"rendered":"<p>Zur Anzeige der E-Mail-Adressen bitte JavaScript einschalten A\u00dflinger Auto-Teiler e.V. (AAT)Bahnhofstr. 1, 85617 A\u00dflingTelefon: +49 (0) 8092-8687821http:\/\/www.AATeV.deE-Mail: info@AATeV.de Der Verein&hellip;<\/p>\n","protected":false},"author":1,"featured_media":52,"parent":0,"menu_order":0,"comment_status":"closed","ping_status":"closed","template":"","meta":{"_uag_custom_page_level_css":"","footnotes":""},"class_list":["post-286","page","type-page","status-publish","has-post-thumbnail","hentry"],"uagb_featured_image_src":{"full":["https:\/\/www.aatev.de\/wp-content\/uploads\/2019\/07\/AsslingAbendsZuschnitt8.jpg",2673,414,false],"thumbnail":["https:\/\/www.aatev.de\/wp-content\/uploads\/2019\/07\/AsslingAbendsZuschnitt8-150x150.jpg",150,150,true],"medium":["https:\/\/www.aatev.de\/wp-content\/uploads\/2019\/07\/AsslingAbendsZuschnitt8-300x46.jpg",300,46,true],"medium_large":["https:\/\/www.aatev.de\/wp-content\/uploads\/2019\/07\/AsslingAbendsZuschnitt8-768x119.jpg",688,107,true],"large":["https:\/\/www.aatev.de\/wp-content\/uploads\/2019\/07\/AsslingAbendsZuschnitt8-1024x159.jpg",688,107,true],"1536x1536":["https:\/\/www.aatev.de\/wp-content\/uploads\/2019\/07\/AsslingAbendsZuschnitt8.jpg",1536,238,false],"2048x2048":["https:\/\/www.aatev.de\/wp-content\/uploads\/2019\/07\/AsslingAbendsZuschnitt8.jpg",2048,317,false],"primer-featured":["https:\/\/www.aatev.de\/wp-content\/uploads\/2019\/07\/AsslingAbendsZuschnitt8.jpg",1600,248,false],"primer-hero":["https:\/\/www.aatev.de\/wp-content\/uploads\/2019\/07\/AsslingAbendsZuschnitt8.jpg",2400,372,false]},"uagb_author_info":{"display_name":"wp-admin","author_link":"https:\/\/www.aatev.de\/home\/author\/wp-admin\/"},"uagb_comment_info":0,"uagb_excerpt":"Zur Anzeige der E-Mail-Adressen bitte JavaScript einschalten A\u00dflinger Auto-Teiler e.V. (AAT)Bahnhofstr. 1, 85617 A\u00dflingTelefon: +49 (0) 8092-8687821http:\/\/www.AATeV.deE-Mail: info@AATeV.de Der Verein&hellip;","_links":{"self":[{"href":"https:\/\/www.aatev.de\/home\/wp-json\/wp\/v2\/pages\/286","targetHints":{"allow":["GET"]}}],"collection":[{"href":"https:\/\/www.aatev.de\/home\/wp-json\/wp\/v2\/pages"}],"about":[{"href":"https:\/\/www.aatev.de\/home\/wp-json\/wp\/v2\/types\/page"}],"author":[{"embeddable":true,"href":"https:\/\/www.aatev.de\/home\/wp-json\/wp\/v2\/users\/1"}],"replies":[{"embeddable":true,"href":"https:\/\/www.aatev.de\/home\/wp-json\/wp\/v2\/comments?post=286"}],"version-history":[{"count":3,"href":"https:\/\/www.aatev.de\/home\/wp-json\/wp\/v2\/pages\/286\/revisions"}],"predecessor-version":[{"id":996,"href":"https:\/\/www.aatev.de\/home\/wp-json\/wp\/v2\/pages\/286\/revisions\/996"}],"wp:featuredmedia":[{"embeddable":true,"href":"https:\/\/www.aatev.de\/home\/wp-json\/wp\/v2\/media\/52"}],"wp:attachment":[{"href":"https:\/\/www.aatev.de\/home\/wp-json\/wp\/v2\/media?parent=286"}],"curies":[{"name":"wp","href":"https:\/\/api.w.org\/{rel}","templated":true}]}}