{"id":653,"date":"2019-07-27T11:35:07","date_gmt":"2019-07-27T09:35:07","guid":{"rendered":"https:\/\/next.homeip.net\/wordpress\/?page_id=602"},"modified":"2023-07-27T12:40:21","modified_gmt":"2023-07-27T10:40:21","slug":"preise-und-bedingungen","status":"publish","type":"page","link":"https:\/\/www.aatev.de\/home\/preise-und-bedingungen\/","title":{"rendered":"Preise"},"content":{"rendered":"\n<h2 class=\"wp-block-heading has-text-color\" style=\"color:#002bea\">Nutzungsgeb\u00fchren<\/h2>\n\n\n\n<p>Die Buchung des Fahrzeugs kostet f\u00fcr jeweils eine Stunde EUR 0,60. Abgerechnet wird im 1\/4 Stundentakt (= 0,15 EURO). Dabei ist die Zeit von 00:00 Uhr bis 08:00 Uhr Geb\u00fchrenfrei.<\/p>\n\n\n\n<p>Die Geb\u00fchr f\u00fcr den gefahrene Kilometer betr\u00e4gt:<\/p>\n\n\n\n<ul class=\"wp-block-list\">\n<li>EUR 0,32 inkl. Treibstoff f\u00fcr eine Strecke bis 199 km, nur Autos bis zu 5 Sitzpl\u00e4tzen\/ je Buchungszeitraum.<\/li>\n\n\n\n<li>EUR 0,29 inkl. Treibstoff f\u00fcr eine Strecke ab 200 km, nur Autos bis zu 5 Sitzpl\u00e4tzen \/ je Buchungszeitraum.<\/li>\n\n\n\n<li>EUR 0,40 inkl. Treibstoff, bei Autos mit mehr als 5 Sitzpl\u00e4tzen \/ je Buchungszeitraum.<\/li>\n<\/ul>\n\n\n\n<p>Abgerechnet wird immer viertelj\u00e4hrlich zum Quartalsende.<\/p>\n\n\n\n<p>Die gefahrenen Kilometer und die Zeiteinheiten jedes Mitglieds ergeben sich aus den Aufzeichnungen im Fahrtenbuch und den im Internet-Buchungsprogramm gebuchten Zeitraum. Die im Fahrtenbuch vermerkten Betankungen und \u00e4hnliches, werden dem Mitglied bei Abrechnung gegen Beleg gutgeschrieben, sofern der Treibstoff nicht mit der Tankkarte\/ Tank-Chip des Vereins bezahlt wurde.<\/p>\n\n\n\n<h2 class=\"wp-block-heading has-text-color\" style=\"color:#002bea\">Preise bei Autos au\u00dferhalb von A\u00dfling<\/h2>\n\n\n\n<p>Die Autos, die nicht in A\u00dfling stehen (Kooperationspartner vom AAT), k\u00f6nnen ebenfalls von Mitgliedern des AAT genutzt werden. Die Preise f\u00fcr diese Autos richten sich nach den Konditionen des jeweiligen Vereins.<br>Das sind die Autos in&nbsp;<a href=\"https:\/\/www.grafingerautoteiler.de\/der-verein\/carsharing-in-grafing\/kosten-und-preise.html\" target=\"_blank\" rel=\"noreferrer noopener\">Grafing<\/a>&nbsp;und&nbsp;<a href=\"https:\/\/www.carsharing-vaterstetten.de\/VAT\/Preise\" target=\"_blank\" rel=\"noreferrer noopener\">Vaterstetten<\/a>.<\/p>\n\n\n\n<h2 class=\"wp-block-heading has-text-color\" style=\"color:#002bea\">Einmaliger Nutzungsanteil<\/h2>\n\n\n\n<p>Die H\u00f6he des Nutzungsanteils betr\u00e4gt derzeit 620,-\u20ac pro Mitglied des AAT. Die Nutzungsanteile werden nicht verzinst.<\/p>\n\n\n\n<p>Erlischt die Mitgliedschaft bei dem AAT, wird der Nutzungsanteil, h\u00f6chstens jedoch der jeweilige Anteil am Verm\u00f6gen (d.h. Verm\u00f6gen geteilt durch Anzahl der Mitglieder), zur\u00fcckerstattet. Das Verm\u00f6gen setzt sich zusammen aus den Barverm\u00f6gen, Forderungen und dem gesch\u00e4tzten Wert des\/r Fahrzeuge lt. Deutsche Automobil Treuhand GmbH (DAT) , abz\u00fcglich der Verbindlichkeiten.<\/p>\n\n\n\n<figure class=\"wp-block-image\"><img loading=\"lazy\" decoding=\"async\" width=\"864\" height=\"377\" src=\"https:\/\/www.aatev.de\/wp-content\/uploads\/2019\/05\/LogoFarbverlauf.png\" alt=\"AAT-Logo\" class=\"wp-image-14\" srcset=\"https:\/\/www.aatev.de\/wp-content\/uploads\/2019\/05\/LogoFarbverlauf.png 864w, https:\/\/www.aatev.de\/wp-content\/uploads\/2019\/05\/LogoFarbverlauf-300x131.png 300w, https:\/\/www.aatev.de\/wp-content\/uploads\/2019\/05\/LogoFarbverlauf-768x335.png 768w\" sizes=\"auto, (max-width: 864px) 100vw, 864px\" \/><\/figure>\n","protected":false},"excerpt":{"rendered":"<p>Nutzungsgeb\u00fchren Die Buchung des Fahrzeugs kostet f\u00fcr jeweils eine Stunde EUR 0,60. Abgerechnet wird im 1\/4 Stundentakt (= 0,15 EURO).&hellip;<\/p>\n","protected":false},"author":1,"featured_media":52,"parent":0,"menu_order":0,"comment_status":"closed","ping_status":"closed","template":"","meta":{"_uag_custom_page_level_css":"","footnotes":""},"class_list":["post-653","page","type-page","status-publish","has-post-thumbnail","hentry"],"uagb_featured_image_src":{"full":["https:\/\/www.aatev.de\/wp-content\/uploads\/2019\/07\/AsslingAbendsZuschnitt8.jpg",2673,414,false],"thumbnail":["https:\/\/www.aatev.de\/wp-content\/uploads\/2019\/07\/AsslingAbendsZuschnitt8-150x150.jpg",150,150,true],"medium":["https:\/\/www.aatev.de\/wp-content\/uploads\/2019\/07\/AsslingAbendsZuschnitt8-300x46.jpg",300,46,true],"medium_large":["https:\/\/www.aatev.de\/wp-content\/uploads\/2019\/07\/AsslingAbendsZuschnitt8-768x119.jpg",688,107,true],"large":["https:\/\/www.aatev.de\/wp-content\/uploads\/2019\/07\/AsslingAbendsZuschnitt8-1024x159.jpg",688,107,true],"1536x1536":["https:\/\/www.aatev.de\/wp-content\/uploads\/2019\/07\/AsslingAbendsZuschnitt8.jpg",1536,238,false],"2048x2048":["https:\/\/www.aatev.de\/wp-content\/uploads\/2019\/07\/AsslingAbendsZuschnitt8.jpg",2048,317,false],"primer-featured":["https:\/\/www.aatev.de\/wp-content\/uploads\/2019\/07\/AsslingAbendsZuschnitt8.jpg",1600,248,false],"primer-hero":["https:\/\/www.aatev.de\/wp-content\/uploads\/2019\/07\/AsslingAbendsZuschnitt8.jpg",2400,372,false]},"uagb_author_info":{"display_name":"wp-admin","author_link":"https:\/\/www.aatev.de\/home\/author\/wp-admin\/"},"uagb_comment_info":0,"uagb_excerpt":"Nutzungsgeb\u00fchren Die Buchung des Fahrzeugs kostet f\u00fcr jeweils eine Stunde EUR 0,60. Abgerechnet wird im 1\/4 Stundentakt (= 0,15 EURO).&hellip;","_links":{"self":[{"href":"https:\/\/www.aatev.de\/home\/wp-json\/wp\/v2\/pages\/653","targetHints":{"allow":["GET"]}}],"collection":[{"href":"https:\/\/www.aatev.de\/home\/wp-json\/wp\/v2\/pages"}],"about":[{"href":"https:\/\/www.aatev.de\/home\/wp-json\/wp\/v2\/types\/page"}],"author":[{"embeddable":true,"href":"https:\/\/www.aatev.de\/home\/wp-json\/wp\/v2\/users\/1"}],"replies":[{"embeddable":true,"href":"https:\/\/www.aatev.de\/home\/wp-json\/wp\/v2\/comments?post=653"}],"version-history":[{"count":5,"href":"https:\/\/www.aatev.de\/home\/wp-json\/wp\/v2\/pages\/653\/revisions"}],"predecessor-version":[{"id":946,"href":"https:\/\/www.aatev.de\/home\/wp-json\/wp\/v2\/pages\/653\/revisions\/946"}],"wp:featuredmedia":[{"embeddable":true,"href":"https:\/\/www.aatev.de\/home\/wp-json\/wp\/v2\/media\/52"}],"wp:attachment":[{"href":"https:\/\/www.aatev.de\/home\/wp-json\/wp\/v2\/media?parent=653"}],"curies":[{"name":"wp","href":"https:\/\/api.w.org\/{rel}","templated":true}]}}